{"id":203,"date":"2025-07-07T23:51:07","date_gmt":"2025-07-07T23:51:07","guid":{"rendered":"https:\/\/aleba.mx\/?page_id=203"},"modified":"2025-07-09T16:52:27","modified_gmt":"2025-07-09T16:52:27","slug":"corretaje-y-comercializacion-inmobiliaria-2","status":"publish","type":"page","link":"https:\/\/aleba.mx\/index.php\/corretaje-y-comercializacion-inmobiliaria-2\/","title":{"rendered":"Corretaje y Comercializaci\u00f3n Inmobiliaria"},"content":{"rendered":"\t\t<div data-elementor-type=\"wp-page\" data-elementor-id=\"203\" class=\"elementor elementor-203\" data-elementor-post-type=\"page\">\n\t\t\t\t<div class=\"elementor-element elementor-element-9ff1819 e-flex e-con-boxed e-con e-parent\" data-id=\"9ff1819\" data-element_type=\"container\" data-e-type=\"container\" data-settings=\"{&quot;background_background&quot;:&quot;slideshow&quot;,&quot;background_slideshow_gallery&quot;:[{&quot;id&quot;:152,&quot;url&quot;:&quot;https:\\\/\\\/aleba.mx\\\/wp-content\\\/uploads\\\/2025\\\/07\\\/pexels-kampus-8815809-scaled.jpg&quot;}],&quot;background_slideshow_slide_duration&quot;:5000,&quot;background_slideshow_slide_transition&quot;:&quot;fade&quot;,&quot;background_slideshow_transition_duration&quot;:500}\">\n\t\t\t\t\t<div class=\"e-con-inner\">\n\t\t<div class=\"elementor-element elementor-element-a9e2771 e-con-full e-flex e-con e-child\" data-id=\"a9e2771\" data-element_type=\"container\" data-e-type=\"container\">\n\t\t\t\t<div class=\"elementor-element elementor-element-a20a972 elementor-widget elementor-widget-image\" data-id=\"a20a972\" data-element_type=\"widget\" data-e-type=\"widget\" data-widget_type=\"image.default\">\n\t\t\t\t<div class=\"elementor-widget-container\">\n\t\t\t\t\t\t\t\t\t\t\t\t\t\t\t<img fetchpriority=\"high\" decoding=\"async\" width=\"300\" height=\"243\" src=\"https:\/\/aleba.mx\/wp-content\/uploads\/2023\/10\/ALEBA_ICONO-300x243.png\" class=\"attachment-medium size-medium wp-image-21\" alt=\"\" srcset=\"https:\/\/aleba.mx\/wp-content\/uploads\/2023\/10\/ALEBA_ICONO-300x243.png 300w, https:\/\/aleba.mx\/wp-content\/uploads\/2023\/10\/ALEBA_ICONO.png 714w\" sizes=\"(max-width: 300px) 100vw, 300px\" \/>\t\t\t\t\t\t\t\t\t\t\t\t\t\t\t<\/div>\n\t\t\t\t<\/div>\n\t\t\t\t<div class=\"elementor-element elementor-element-29da2a4 elementor-widget elementor-widget-text-editor\" data-id=\"29da2a4\" data-element_type=\"widget\" data-e-type=\"widget\" data-widget_type=\"text-editor.default\">\n\t\t\t\t<div class=\"elementor-widget-container\">\n\t\t\t\t\t\t\t\t\t<p>En Aleba brindamos asesor\u00eda especializada para la compra, venta y arrendamiento de bienes inmuebles, con un enfoque estrat\u00e9gico que prioriza la seguridad jur\u00eddica, la rentabilidad y la eficiencia operativa. Trabajamos con propiedades residenciales, comerciales, industriales y de inversi\u00f3n, ofreciendo acompa\u00f1amiento integral en cada etapa del proceso.<\/p>\t\t\t\t\t\t\t\t<\/div>\n\t\t\t\t<\/div>\n\t\t\t\t<\/div>\n\t\t\t\t\t<\/div>\n\t\t\t\t<\/div>\n\t\t<div class=\"elementor-element elementor-element-cdf0bda e-flex e-con-boxed e-con e-parent\" data-id=\"cdf0bda\" data-element_type=\"container\" data-e-type=\"container\">\n\t\t\t\t\t<div class=\"e-con-inner\">\n\t\t\t\t<div class=\"elementor-element elementor-element-bb11d48 elementor-widget elementor-widget-heading\" data-id=\"bb11d48\" data-element_type=\"widget\" data-e-type=\"widget\" data-widget_type=\"heading.default\">\n\t\t\t\t<div class=\"elementor-widget-container\">\n\t\t\t\t\t<h2 class=\"elementor-heading-title elementor-size-default\">Nuestros servicios incluyen:\n\n<\/h2>\t\t\t\t<\/div>\n\t\t\t\t<\/div>\n\t\t\t\t\t<\/div>\n\t\t\t\t<\/div>\n\t\t<div class=\"elementor-element elementor-element-8bf1747 e-flex e-con-boxed elementor-invisible e-con e-parent\" data-id=\"8bf1747\" data-element_type=\"container\" data-e-type=\"container\" data-settings=\"{&quot;animation&quot;:&quot;headShake&quot;}\">\n\t\t\t\t\t<div class=\"e-con-inner\">\n\t\t<div class=\"elementor-element elementor-element-0421390 e-con-full e-flex e-con e-child\" data-id=\"0421390\" data-element_type=\"container\" data-e-type=\"container\">\n\t\t\t\t<div class=\"elementor-element elementor-element-553e7db elementor-widget elementor-widget-heading\" data-id=\"553e7db\" data-element_type=\"widget\" data-e-type=\"widget\" data-widget_type=\"heading.default\">\n\t\t\t\t<div class=\"elementor-widget-container\">\n\t\t\t\t\t<h2 class=\"elementor-heading-title elementor-size-default\">Asesor\u00eda en compraventa y arrendamiento de inmuebles<\/h2>\t\t\t\t<\/div>\n\t\t\t\t<\/div>\n\t\t\t\t<div class=\"elementor-element elementor-element-3715aac elementor-widget-divider--view-line elementor-widget elementor-widget-divider\" data-id=\"3715aac\" data-element_type=\"widget\" data-e-type=\"widget\" data-widget_type=\"divider.default\">\n\t\t\t\t<div class=\"elementor-widget-container\">\n\t\t\t\t\t\t\t<div class=\"elementor-divider\">\n\t\t\t<span class=\"elementor-divider-separator\">\n\t\t\t\t\t\t<\/span>\n\t\t<\/div>\n\t\t\t\t\t\t<\/div>\n\t\t\t\t<\/div>\n\t\t\t\t<\/div>\n\t\t<div class=\"elementor-element elementor-element-25d03a8 e-con-full e-flex e-con e-child\" data-id=\"25d03a8\" data-element_type=\"container\" data-e-type=\"container\" data-settings=\"{&quot;background_background&quot;:&quot;classic&quot;}\">\n\t\t<div class=\"elementor-element elementor-element-b1f74bc e-con-full e-flex e-con e-child\" data-id=\"b1f74bc\" data-element_type=\"container\" data-e-type=\"container\">\n\t\t\t\t<div class=\"elementor-element elementor-element-bd5d2a1 elementor-widget elementor-widget-text-editor\" data-id=\"bd5d2a1\" data-element_type=\"widget\" data-e-type=\"widget\" data-widget_type=\"text-editor.default\">\n\t\t\t\t<div class=\"elementor-widget-container\">\n\t\t\t\t\t\t\t\t\t<p data-start=\"829\" data-end=\"980\">En Aleba brindamos un servicio integral en operaciones inmobiliarias, enfocado en la compraventa y arrendamiento de propiedades residenciales, comerciales, industriales y de inversi\u00f3n. Nuestro objetivo es facilitar transacciones eficientes, seguras y rentables, cuidando cada detalle operativo, legal y financiero.<br data-start=\"694\" data-end=\"697\" \/>Nos respaldamos en un enfoque estrat\u00e9gico que combina experiencia en mercado, an\u00e1lisis t\u00e9cnico y acompa\u00f1amiento cercano a nuestros clientes, tanto propietarios como inversionistas.<\/p>\t\t\t\t\t\t\t\t<\/div>\n\t\t\t\t<\/div>\n\t\t\t\t<\/div>\n\t\t\t\t<\/div>\n\t\t\t\t\t<\/div>\n\t\t\t\t<\/div>\n\t\t<div class=\"elementor-element elementor-element-5b2cc63 e-flex e-con-boxed e-con e-parent\" data-id=\"5b2cc63\" data-element_type=\"container\" data-e-type=\"container\">\n\t\t\t\t\t<div class=\"e-con-inner\">\n\t\t\t\t<div class=\"elementor-element elementor-element-b654c46 elementor-widget elementor-widget-spacer\" data-id=\"b654c46\" data-element_type=\"widget\" data-e-type=\"widget\" data-widget_type=\"spacer.default\">\n\t\t\t\t<div class=\"elementor-widget-container\">\n\t\t\t\t\t\t\t<div class=\"elementor-spacer\">\n\t\t\t<div class=\"elementor-spacer-inner\"><\/div>\n\t\t<\/div>\n\t\t\t\t\t\t<\/div>\n\t\t\t\t<\/div>\n\t\t\t\t\t<\/div>\n\t\t\t\t<\/div>\n\t\t<div class=\"elementor-element elementor-element-caee5c5 e-flex e-con-boxed elementor-invisible e-con e-parent\" data-id=\"caee5c5\" data-element_type=\"container\" data-e-type=\"container\" data-settings=\"{&quot;animation&quot;:&quot;headShake&quot;}\">\n\t\t\t\t\t<div class=\"e-con-inner\">\n\t\t<div class=\"elementor-element elementor-element-a6ca00d e-con-full e-flex e-con e-child\" data-id=\"a6ca00d\" data-element_type=\"container\" data-e-type=\"container\">\n\t\t\t\t<div class=\"elementor-element elementor-element-6c512e0 elementor-widget elementor-widget-heading\" data-id=\"6c512e0\" data-element_type=\"widget\" data-e-type=\"widget\" data-widget_type=\"heading.default\">\n\t\t\t\t<div class=\"elementor-widget-container\">\n\t\t\t\t\t<h2 class=\"elementor-heading-title elementor-size-default\"> Asesor\u00eda en compraventa y arrendamiento de inmuebles\n<\/h2>\t\t\t\t<\/div>\n\t\t\t\t<\/div>\n\t\t\t\t<div class=\"elementor-element elementor-element-9d67e6a elementor-widget-divider--view-line elementor-widget elementor-widget-divider\" data-id=\"9d67e6a\" data-element_type=\"widget\" data-e-type=\"widget\" data-widget_type=\"divider.default\">\n\t\t\t\t<div class=\"elementor-widget-container\">\n\t\t\t\t\t\t\t<div class=\"elementor-divider\">\n\t\t\t<span class=\"elementor-divider-separator\">\n\t\t\t\t\t\t<\/span>\n\t\t<\/div>\n\t\t\t\t\t\t<\/div>\n\t\t\t\t<\/div>\n\t\t\t\t<\/div>\n\t\t<div class=\"elementor-element elementor-element-635a521 e-con-full e-flex e-con e-child\" data-id=\"635a521\" data-element_type=\"container\" data-e-type=\"container\" data-settings=\"{&quot;background_background&quot;:&quot;classic&quot;}\">\n\t\t<div class=\"elementor-element elementor-element-983435c e-flex e-con-boxed e-con e-child\" data-id=\"983435c\" data-element_type=\"container\" data-e-type=\"container\" data-settings=\"{&quot;background_background&quot;:&quot;classic&quot;}\">\n\t\t\t\t\t<div class=\"e-con-inner\">\n\t\t<div class=\"elementor-element elementor-element-878da56 e-con-full e-flex e-con e-child\" data-id=\"878da56\" data-element_type=\"container\" data-e-type=\"container\">\n\t\t\t\t<div class=\"elementor-element elementor-element-369cec5 elementor-widget elementor-widget-text-editor\" data-id=\"369cec5\" data-element_type=\"widget\" data-e-type=\"widget\" data-widget_type=\"text-editor.default\">\n\t\t\t\t<div class=\"elementor-widget-container\">\n\t\t\t\t\t\t\t\t\t<p data-start=\"829\" data-end=\"980\">Acompa\u00f1amos a nuestros clientes durante todo el proceso de compraventa o arrendamiento, desde la evaluaci\u00f3n inicial hasta la firma del contrato. Nuestro equipo analiza las condiciones del mercado, identifica oportunidades reales y ofrece recomendaciones que optimizan la toma de decisiones.<br data-start=\"1240\" data-end=\"1243\" \/>Ya sea que se trate de una inversi\u00f3n, una propiedad para uso personal o un portafolio inmobiliario, dise\u00f1amos una estrategia a medida.<\/p>\t\t\t\t\t\t\t\t<\/div>\n\t\t\t\t<\/div>\n\t\t\t\t<\/div>\n\t\t\t\t\t<\/div>\n\t\t\t\t<\/div>\n\t\t\t\t<\/div>\n\t\t\t\t\t<\/div>\n\t\t\t\t<\/div>\n\t\t<div class=\"elementor-element elementor-element-b1498a3 e-flex e-con-boxed e-con e-parent\" data-id=\"b1498a3\" data-element_type=\"container\" data-e-type=\"container\">\n\t\t\t\t\t<div class=\"e-con-inner\">\n\t\t\t\t<div class=\"elementor-element elementor-element-2b31ff4 elementor-widget elementor-widget-spacer\" data-id=\"2b31ff4\" data-element_type=\"widget\" data-e-type=\"widget\" data-widget_type=\"spacer.default\">\n\t\t\t\t<div class=\"elementor-widget-container\">\n\t\t\t\t\t\t\t<div class=\"elementor-spacer\">\n\t\t\t<div class=\"elementor-spacer-inner\"><\/div>\n\t\t<\/div>\n\t\t\t\t\t\t<\/div>\n\t\t\t\t<\/div>\n\t\t\t\t\t<\/div>\n\t\t\t\t<\/div>\n\t\t<div class=\"elementor-element elementor-element-e19e69b e-flex e-con-boxed elementor-invisible e-con e-parent\" data-id=\"e19e69b\" data-element_type=\"container\" data-e-type=\"container\" data-settings=\"{&quot;animation&quot;:&quot;headShake&quot;}\">\n\t\t\t\t\t<div class=\"e-con-inner\">\n\t\t<div class=\"elementor-element elementor-element-2358df9 e-con-full e-flex e-con e-child\" data-id=\"2358df9\" data-element_type=\"container\" data-e-type=\"container\">\n\t\t\t\t<div class=\"elementor-element elementor-element-435bc50 elementor-widget elementor-widget-heading\" data-id=\"435bc50\" data-element_type=\"widget\" data-e-type=\"widget\" data-widget_type=\"heading.default\">\n\t\t\t\t<div class=\"elementor-widget-container\">\n\t\t\t\t\t<h2 class=\"elementor-heading-title elementor-size-default\">Gesti\u00f3n de propiedades para venta o renta<\/h2>\t\t\t\t<\/div>\n\t\t\t\t<\/div>\n\t\t\t\t<div class=\"elementor-element elementor-element-4f201e5 elementor-widget-divider--view-line elementor-widget elementor-widget-divider\" data-id=\"4f201e5\" data-element_type=\"widget\" data-e-type=\"widget\" data-widget_type=\"divider.default\">\n\t\t\t\t<div class=\"elementor-widget-container\">\n\t\t\t\t\t\t\t<div class=\"elementor-divider\">\n\t\t\t<span class=\"elementor-divider-separator\">\n\t\t\t\t\t\t<\/span>\n\t\t<\/div>\n\t\t\t\t\t\t<\/div>\n\t\t\t\t<\/div>\n\t\t\t\t<\/div>\n\t\t<div class=\"elementor-element elementor-element-74ab24f e-con-full e-flex e-con e-child\" data-id=\"74ab24f\" data-element_type=\"container\" data-e-type=\"container\" data-settings=\"{&quot;background_background&quot;:&quot;classic&quot;}\">\n\t\t<div class=\"elementor-element elementor-element-88b5136 e-con-full e-flex e-con e-child\" data-id=\"88b5136\" data-element_type=\"container\" data-e-type=\"container\">\n\t\t\t\t<div class=\"elementor-element elementor-element-847f08f elementor-widget elementor-widget-text-editor\" data-id=\"847f08f\" data-element_type=\"widget\" data-e-type=\"widget\" data-widget_type=\"text-editor.default\">\n\t\t\t\t<div class=\"elementor-widget-container\">\n\t\t\t\t\t\t\t\t\t<p data-start=\"829\" data-end=\"980\">Nos encargamos de todo el proceso de preparaci\u00f3n y promoci\u00f3n de los inmuebles, incluyendo la recopilaci\u00f3n de documentaci\u00f3n, captaci\u00f3n de prospectos, seguimiento de visitas y negociaciones.<br data-start=\"1627\" data-end=\"1630\" \/>Nuestro objetivo es facilitar operaciones \u00e1giles, reducir tiempos de comercializaci\u00f3n y asegurar que cada propiedad alcance su m\u00e1ximo valor en el mercado.<\/p>\t\t\t\t\t\t\t\t<\/div>\n\t\t\t\t<\/div>\n\t\t\t\t<\/div>\n\t\t\t\t<\/div>\n\t\t\t\t\t<\/div>\n\t\t\t\t<\/div>\n\t\t<div class=\"elementor-element elementor-element-5f98975 e-flex e-con-boxed e-con e-parent\" data-id=\"5f98975\" data-element_type=\"container\" data-e-type=\"container\">\n\t\t\t\t\t<div class=\"e-con-inner\">\n\t\t\t\t<div class=\"elementor-element elementor-element-f7e3073 elementor-widget elementor-widget-spacer\" data-id=\"f7e3073\" data-element_type=\"widget\" data-e-type=\"widget\" data-widget_type=\"spacer.default\">\n\t\t\t\t<div class=\"elementor-widget-container\">\n\t\t\t\t\t\t\t<div class=\"elementor-spacer\">\n\t\t\t<div class=\"elementor-spacer-inner\"><\/div>\n\t\t<\/div>\n\t\t\t\t\t\t<\/div>\n\t\t\t\t<\/div>\n\t\t\t\t\t<\/div>\n\t\t\t\t<\/div>\n\t\t<div class=\"elementor-element elementor-element-4b56fc5 e-flex e-con-boxed e-con e-parent\" data-id=\"4b56fc5\" data-element_type=\"container\" data-e-type=\"container\" data-settings=\"{&quot;background_background&quot;:&quot;classic&quot;}\">\n\t\t\t\t\t<div class=\"e-con-inner\">\n\t\t\t\t<div class=\"elementor-element elementor-element-f0acf8a elementor-widget elementor-widget-heading\" data-id=\"f0acf8a\" data-element_type=\"widget\" data-e-type=\"widget\" data-widget_type=\"heading.default\">\n\t\t\t\t<div class=\"elementor-widget-container\">\n\t\t\t\t\t<h2 class=\"elementor-heading-title elementor-size-default\">Hablemos de tu proyecto<\/h2>\t\t\t\t<\/div>\n\t\t\t\t<\/div>\n\t\t\t\t<div class=\"elementor-element elementor-element-455a0bf elementor-align-center elementor-widget elementor-widget-button\" data-id=\"455a0bf\" data-element_type=\"widget\" data-e-type=\"widget\" data-widget_type=\"button.default\">\n\t\t\t\t<div class=\"elementor-widget-container\">\n\t\t\t\t\t\t\t\t\t<div class=\"elementor-button-wrapper\">\n\t\t\t\t\t<a class=\"elementor-button elementor-button-link elementor-size-sm\" href=\"https:\/\/aleba.mx\/index.php\/contacto\/\">\n\t\t\t\t\t\t<span class=\"elementor-button-content-wrapper\">\n\t\t\t\t\t\t\t\t\t<span class=\"elementor-button-text\">Contacto<\/span>\n\t\t\t\t\t<\/span>\n\t\t\t\t\t<\/a>\n\t\t\t\t<\/div>\n\t\t\t\t\t\t\t\t<\/div>\n\t\t\t\t<\/div>\n\t\t\t\t\t<\/div>\n\t\t\t\t<\/div>\n\t\t\t\t<\/div>\n\t\t","protected":false},"excerpt":{"rendered":"<p>En Aleba brindamos asesor\u00eda especializada para la compra, venta y arrendamiento de bienes inmuebles, con un enfoque estrat\u00e9gico que prioriza la seguridad jur\u00eddica, la rentabilidad y la eficiencia operativa. Trabajamos con propiedades residenciales, comerciales, industriales y de inversi\u00f3n, ofreciendo acompa\u00f1amiento integral en cada etapa del proceso. Nuestros servicios incluyen: Asesor\u00eda en compraventa y arrendamiento de [&hellip;]<\/p>\n","protected":false},"author":1,"featured_media":0,"parent":0,"menu_order":0,"comment_status":"closed","ping_status":"closed","template":"","meta":{"footnotes":""},"class_list":["post-203","page","type-page","status-publish","hentry"],"_links":{"self":[{"href":"https:\/\/aleba.mx\/index.php\/wp-json\/wp\/v2\/pages\/203","targetHints":{"allow":["GET"]}}],"collection":[{"href":"https:\/\/aleba.mx\/index.php\/wp-json\/wp\/v2\/pages"}],"about":[{"href":"https:\/\/aleba.mx\/index.php\/wp-json\/wp\/v2\/types\/page"}],"author":[{"embeddable":true,"href":"https:\/\/aleba.mx\/index.php\/wp-json\/wp\/v2\/users\/1"}],"replies":[{"embeddable":true,"href":"https:\/\/aleba.mx\/index.php\/wp-json\/wp\/v2\/comments?post=203"}],"version-history":[{"count":16,"href":"https:\/\/aleba.mx\/index.php\/wp-json\/wp\/v2\/pages\/203\/revisions"}],"predecessor-version":[{"id":249,"href":"https:\/\/aleba.mx\/index.php\/wp-json\/wp\/v2\/pages\/203\/revisions\/249"}],"wp:attachment":[{"href":"https:\/\/aleba.mx\/index.php\/wp-json\/wp\/v2\/media?parent=203"}],"curies":[{"name":"wp","href":"https:\/\/api.w.org\/{rel}","templated":true}]}}