{"id":166,"date":"2025-07-07T23:09:41","date_gmt":"2025-07-07T23:09:41","guid":{"rendered":"https:\/\/aleba.mx\/?page_id=166"},"modified":"2025-07-09T16:53:18","modified_gmt":"2025-07-09T16:53:18","slug":"consultoria-para-inversion-inmobiliaria","status":"publish","type":"page","link":"https:\/\/aleba.mx\/index.php\/consultoria-para-inversion-inmobiliaria\/","title":{"rendered":"Consultor\u00eda para Inversi\u00f3n Inmobiliaria"},"content":{"rendered":"\t\t<div data-elementor-type=\"wp-page\" data-elementor-id=\"166\" class=\"elementor elementor-166\" data-elementor-post-type=\"page\">\n\t\t\t\t<div class=\"elementor-element elementor-element-c01208e e-flex e-con-boxed e-con e-parent\" data-id=\"c01208e\" data-element_type=\"container\" data-e-type=\"container\" data-settings=\"{&quot;background_background&quot;:&quot;slideshow&quot;,&quot;background_slideshow_gallery&quot;:[{&quot;id&quot;:169,&quot;url&quot;:&quot;https:\\\/\\\/aleba.mx\\\/wp-content\\\/uploads\\\/2025\\\/07\\\/pexels-kindelmedia-7766930-1-scaled-e1751929784343.jpg&quot;}],&quot;background_slideshow_slide_duration&quot;:5000,&quot;background_slideshow_slide_transition&quot;:&quot;fade&quot;,&quot;background_slideshow_transition_duration&quot;:500}\">\n\t\t\t\t\t<div class=\"e-con-inner\">\n\t\t<div class=\"elementor-element elementor-element-0964282 e-con-full e-flex e-con e-child\" data-id=\"0964282\" data-element_type=\"container\" data-e-type=\"container\">\n\t\t\t\t<div class=\"elementor-element elementor-element-fa36075 elementor-widget elementor-widget-image\" data-id=\"fa36075\" data-element_type=\"widget\" data-e-type=\"widget\" data-widget_type=\"image.default\">\n\t\t\t\t<div class=\"elementor-widget-container\">\n\t\t\t\t\t\t\t\t\t\t\t\t\t\t\t<img fetchpriority=\"high\" decoding=\"async\" width=\"300\" height=\"243\" src=\"https:\/\/aleba.mx\/wp-content\/uploads\/2023\/10\/ALEBA_ICONO-300x243.png\" class=\"attachment-medium size-medium wp-image-21\" alt=\"\" srcset=\"https:\/\/aleba.mx\/wp-content\/uploads\/2023\/10\/ALEBA_ICONO-300x243.png 300w, https:\/\/aleba.mx\/wp-content\/uploads\/2023\/10\/ALEBA_ICONO.png 714w\" sizes=\"(max-width: 300px) 100vw, 300px\" \/>\t\t\t\t\t\t\t\t\t\t\t\t\t\t\t<\/div>\n\t\t\t\t<\/div>\n\t\t\t\t<div class=\"elementor-element elementor-element-77073b3 elementor-widget elementor-widget-text-editor\" data-id=\"77073b3\" data-element_type=\"widget\" data-e-type=\"widget\" data-widget_type=\"text-editor.default\">\n\t\t\t\t<div class=\"elementor-widget-container\">\n\t\t\t\t\t\t\t\t\t<p>Ofrecemos soluciones dise\u00f1adas para inversionistas que buscan oportunidades s\u00f3lidas y sostenibles en el sector inmobiliario. Evaluamos escenarios, analizamos riesgos y estructuramos estrategias que maximizan el retorno, ya sea con enfoque patrimonial o comercial.<\/p>\t\t\t\t\t\t\t\t<\/div>\n\t\t\t\t<\/div>\n\t\t\t\t<\/div>\n\t\t\t\t\t<\/div>\n\t\t\t\t<\/div>\n\t\t<div class=\"elementor-element elementor-element-42a687f e-flex e-con-boxed e-con e-parent\" data-id=\"42a687f\" data-element_type=\"container\" data-e-type=\"container\">\n\t\t\t\t\t<div class=\"e-con-inner\">\n\t\t\t\t<div class=\"elementor-element elementor-element-f9b39ba elementor-widget elementor-widget-heading\" data-id=\"f9b39ba\" data-element_type=\"widget\" data-e-type=\"widget\" data-widget_type=\"heading.default\">\n\t\t\t\t<div class=\"elementor-widget-container\">\n\t\t\t\t\t<h2 class=\"elementor-heading-title elementor-size-default\">Servicios de: Consultor\u00eda para Inversi\u00f3n Inmobiliaria<\/h2>\t\t\t\t<\/div>\n\t\t\t\t<\/div>\n\t\t\t\t\t<\/div>\n\t\t\t\t<\/div>\n\t\t<div class=\"elementor-element elementor-element-c1a86ec e-flex e-con-boxed elementor-invisible e-con e-parent\" data-id=\"c1a86ec\" data-element_type=\"container\" data-e-type=\"container\" data-settings=\"{&quot;animation&quot;:&quot;headShake&quot;}\">\n\t\t\t\t\t<div class=\"e-con-inner\">\n\t\t<div class=\"elementor-element elementor-element-db496c8 e-con-full e-flex e-con e-child\" data-id=\"db496c8\" data-element_type=\"container\" data-e-type=\"container\">\n\t\t\t\t<div class=\"elementor-element elementor-element-d6461e6 elementor-widget elementor-widget-heading\" data-id=\"d6461e6\" data-element_type=\"widget\" data-e-type=\"widget\" data-widget_type=\"heading.default\">\n\t\t\t\t<div class=\"elementor-widget-container\">\n\t\t\t\t\t<h2 class=\"elementor-heading-title elementor-size-default\">Desarrollo de estrategias personalizadas de inversi\u00f3n.<\/h2>\t\t\t\t<\/div>\n\t\t\t\t<\/div>\n\t\t\t\t<\/div>\n\t\t<div class=\"elementor-element elementor-element-a634c97 e-con-full e-flex e-con e-child\" data-id=\"a634c97\" data-element_type=\"container\" data-e-type=\"container\">\n\t\t\t\t<div class=\"elementor-element elementor-element-056813b elementor-widget elementor-widget-image\" data-id=\"056813b\" data-element_type=\"widget\" data-e-type=\"widget\" data-widget_type=\"image.default\">\n\t\t\t\t<div class=\"elementor-widget-container\">\n\t\t\t\t\t\t\t\t\t\t\t\t\t\t\t<img decoding=\"async\" width=\"800\" height=\"450\" src=\"https:\/\/aleba.mx\/wp-content\/uploads\/2025\/07\/pexels-artempodrez-5716032-1024x576.jpg\" class=\"attachment-large size-large wp-image-178\" alt=\"\" srcset=\"https:\/\/aleba.mx\/wp-content\/uploads\/2025\/07\/pexels-artempodrez-5716032-1024x576.jpg 1024w, https:\/\/aleba.mx\/wp-content\/uploads\/2025\/07\/pexels-artempodrez-5716032-300x169.jpg 300w, https:\/\/aleba.mx\/wp-content\/uploads\/2025\/07\/pexels-artempodrez-5716032-768x432.jpg 768w, https:\/\/aleba.mx\/wp-content\/uploads\/2025\/07\/pexels-artempodrez-5716032-1536x864.jpg 1536w, https:\/\/aleba.mx\/wp-content\/uploads\/2025\/07\/pexels-artempodrez-5716032-2048x1152.jpg 2048w\" sizes=\"(max-width: 800px) 100vw, 800px\" \/>\t\t\t\t\t\t\t\t\t\t\t\t\t\t\t<\/div>\n\t\t\t\t<\/div>\n\t\t\t\t<\/div>\n\t\t\t\t\t<\/div>\n\t\t\t\t<\/div>\n\t\t<div class=\"elementor-element elementor-element-a9f36eb e-flex e-con-boxed elementor-invisible e-con e-parent\" data-id=\"a9f36eb\" data-element_type=\"container\" data-e-type=\"container\" data-settings=\"{&quot;animation&quot;:&quot;headShake&quot;}\">\n\t\t\t\t\t<div class=\"e-con-inner\">\n\t\t<div class=\"elementor-element elementor-element-35bfe6a e-con-full e-flex e-con e-child\" data-id=\"35bfe6a\" data-element_type=\"container\" data-e-type=\"container\">\n\t\t\t\t<div class=\"elementor-element elementor-element-c2fa3eb elementor-widget elementor-widget-heading\" data-id=\"c2fa3eb\" data-element_type=\"widget\" data-e-type=\"widget\" data-widget_type=\"heading.default\">\n\t\t\t\t<div class=\"elementor-widget-container\">\n\t\t\t\t\t<h2 class=\"elementor-heading-title elementor-size-default\">An\u00e1lisis de rentabilidad, plusval\u00eda y retorno esperado.<\/h2>\t\t\t\t<\/div>\n\t\t\t\t<\/div>\n\t\t\t\t<\/div>\n\t\t<div class=\"elementor-element elementor-element-21af71a e-con-full e-flex e-con e-child\" data-id=\"21af71a\" data-element_type=\"container\" data-e-type=\"container\">\n\t\t\t\t<div class=\"elementor-element elementor-element-1bd51fd elementor-widget elementor-widget-image\" data-id=\"1bd51fd\" data-element_type=\"widget\" data-e-type=\"widget\" data-widget_type=\"image.default\">\n\t\t\t\t<div class=\"elementor-widget-container\">\n\t\t\t\t\t\t\t\t\t\t\t\t\t\t\t<img decoding=\"async\" width=\"800\" height=\"534\" src=\"https:\/\/aleba.mx\/wp-content\/uploads\/2025\/07\/pexels-n-voitkevich-6120207-1024x683.jpg\" class=\"attachment-large size-large wp-image-177\" alt=\"\" srcset=\"https:\/\/aleba.mx\/wp-content\/uploads\/2025\/07\/pexels-n-voitkevich-6120207-1024x683.jpg 1024w, https:\/\/aleba.mx\/wp-content\/uploads\/2025\/07\/pexels-n-voitkevich-6120207-300x200.jpg 300w, https:\/\/aleba.mx\/wp-content\/uploads\/2025\/07\/pexels-n-voitkevich-6120207-768x512.jpg 768w, https:\/\/aleba.mx\/wp-content\/uploads\/2025\/07\/pexels-n-voitkevich-6120207-1536x1024.jpg 1536w\" sizes=\"(max-width: 800px) 100vw, 800px\" \/>\t\t\t\t\t\t\t\t\t\t\t\t\t\t\t<\/div>\n\t\t\t\t<\/div>\n\t\t\t\t<\/div>\n\t\t\t\t\t<\/div>\n\t\t\t\t<\/div>\n\t\t<div class=\"elementor-element elementor-element-2cb2123 e-flex e-con-boxed elementor-invisible e-con e-parent\" data-id=\"2cb2123\" data-element_type=\"container\" data-e-type=\"container\" data-settings=\"{&quot;animation&quot;:&quot;headShake&quot;}\">\n\t\t\t\t\t<div class=\"e-con-inner\">\n\t\t<div class=\"elementor-element elementor-element-4d94ff0 e-con-full e-flex e-con e-child\" data-id=\"4d94ff0\" data-element_type=\"container\" data-e-type=\"container\">\n\t\t\t\t<div class=\"elementor-element elementor-element-ecb3b91 elementor-widget elementor-widget-heading\" data-id=\"ecb3b91\" data-element_type=\"widget\" data-e-type=\"widget\" data-widget_type=\"heading.default\">\n\t\t\t\t<div class=\"elementor-widget-container\">\n\t\t\t\t\t<h2 class=\"elementor-heading-title elementor-size-default\">Asesor\u00eda en esquemas legales: fideicomisos, coinversi\u00f3n o asociaciones.<\/h2>\t\t\t\t<\/div>\n\t\t\t\t<\/div>\n\t\t\t\t<\/div>\n\t\t<div class=\"elementor-element elementor-element-9f1f447 e-con-full e-flex e-con e-child\" data-id=\"9f1f447\" data-element_type=\"container\" data-e-type=\"container\">\n\t\t\t\t<div class=\"elementor-element elementor-element-196a4f5 elementor-widget elementor-widget-image\" data-id=\"196a4f5\" data-element_type=\"widget\" data-e-type=\"widget\" data-widget_type=\"image.default\">\n\t\t\t\t<div class=\"elementor-widget-container\">\n\t\t\t\t\t\t\t\t\t\t\t\t\t\t\t<img loading=\"lazy\" decoding=\"async\" width=\"800\" height=\"534\" src=\"https:\/\/aleba.mx\/wp-content\/uploads\/2025\/07\/pexels-tima-miroshnichenko-6615234-1024x683.jpg\" class=\"attachment-large size-large wp-image-176\" alt=\"\" srcset=\"https:\/\/aleba.mx\/wp-content\/uploads\/2025\/07\/pexels-tima-miroshnichenko-6615234-1024x683.jpg 1024w, https:\/\/aleba.mx\/wp-content\/uploads\/2025\/07\/pexels-tima-miroshnichenko-6615234-300x200.jpg 300w, https:\/\/aleba.mx\/wp-content\/uploads\/2025\/07\/pexels-tima-miroshnichenko-6615234-768x512.jpg 768w, https:\/\/aleba.mx\/wp-content\/uploads\/2025\/07\/pexels-tima-miroshnichenko-6615234-1536x1024.jpg 1536w, https:\/\/aleba.mx\/wp-content\/uploads\/2025\/07\/pexels-tima-miroshnichenko-6615234-2048x1365.jpg 2048w\" sizes=\"(max-width: 800px) 100vw, 800px\" \/>\t\t\t\t\t\t\t\t\t\t\t\t\t\t\t<\/div>\n\t\t\t\t<\/div>\n\t\t\t\t<\/div>\n\t\t\t\t\t<\/div>\n\t\t\t\t<\/div>\n\t\t<div class=\"elementor-element elementor-element-b14e317 e-flex e-con-boxed elementor-invisible e-con e-parent\" data-id=\"b14e317\" data-element_type=\"container\" data-e-type=\"container\" data-settings=\"{&quot;animation&quot;:&quot;headShake&quot;}\">\n\t\t\t\t\t<div class=\"e-con-inner\">\n\t\t<div class=\"elementor-element elementor-element-b6bbcd3 e-con-full e-flex e-con e-child\" data-id=\"b6bbcd3\" data-element_type=\"container\" data-e-type=\"container\">\n\t\t\t\t<div class=\"elementor-element elementor-element-7135c2e elementor-widget elementor-widget-heading\" data-id=\"7135c2e\" data-element_type=\"widget\" data-e-type=\"widget\" data-widget_type=\"heading.default\">\n\t\t\t\t<div class=\"elementor-widget-container\">\n\t\t\t\t\t<h2 class=\"elementor-heading-title elementor-size-default\">Evaluaci\u00f3n de terrenos, desarrollos y activos inmobiliarios.<\/h2>\t\t\t\t<\/div>\n\t\t\t\t<\/div>\n\t\t\t\t<\/div>\n\t\t<div class=\"elementor-element elementor-element-8009ae8 e-con-full e-flex e-con e-child\" data-id=\"8009ae8\" data-element_type=\"container\" data-e-type=\"container\">\n\t\t\t\t<div class=\"elementor-element elementor-element-5ce8127 elementor-widget elementor-widget-image\" data-id=\"5ce8127\" data-element_type=\"widget\" data-e-type=\"widget\" data-widget_type=\"image.default\">\n\t\t\t\t<div class=\"elementor-widget-container\">\n\t\t\t\t\t\t\t\t\t\t\t\t\t\t\t<img loading=\"lazy\" decoding=\"async\" width=\"800\" height=\"534\" src=\"https:\/\/aleba.mx\/wp-content\/uploads\/2025\/07\/pexels-pavel-danilyuk-7937687-1024x684.jpg\" class=\"attachment-large size-large wp-image-175\" alt=\"\" srcset=\"https:\/\/aleba.mx\/wp-content\/uploads\/2025\/07\/pexels-pavel-danilyuk-7937687-1024x684.jpg 1024w, https:\/\/aleba.mx\/wp-content\/uploads\/2025\/07\/pexels-pavel-danilyuk-7937687-300x200.jpg 300w, https:\/\/aleba.mx\/wp-content\/uploads\/2025\/07\/pexels-pavel-danilyuk-7937687-768x513.jpg 768w, https:\/\/aleba.mx\/wp-content\/uploads\/2025\/07\/pexels-pavel-danilyuk-7937687-1536x1025.jpg 1536w, https:\/\/aleba.mx\/wp-content\/uploads\/2025\/07\/pexels-pavel-danilyuk-7937687-2048x1367.jpg 2048w\" sizes=\"(max-width: 800px) 100vw, 800px\" \/>\t\t\t\t\t\t\t\t\t\t\t\t\t\t\t<\/div>\n\t\t\t\t<\/div>\n\t\t\t\t<\/div>\n\t\t\t\t\t<\/div>\n\t\t\t\t<\/div>\n\t\t<div class=\"elementor-element elementor-element-c92f18d e-flex e-con-boxed elementor-invisible e-con e-parent\" data-id=\"c92f18d\" data-element_type=\"container\" data-e-type=\"container\" data-settings=\"{&quot;animation&quot;:&quot;headShake&quot;}\">\n\t\t\t\t\t<div class=\"e-con-inner\">\n\t\t<div class=\"elementor-element elementor-element-04517ae e-con-full e-flex e-con e-child\" data-id=\"04517ae\" data-element_type=\"container\" data-e-type=\"container\">\n\t\t\t\t<div class=\"elementor-element elementor-element-2945f1c elementor-widget elementor-widget-heading\" data-id=\"2945f1c\" data-element_type=\"widget\" data-e-type=\"widget\" data-widget_type=\"heading.default\">\n\t\t\t\t<div class=\"elementor-widget-container\">\n\t\t\t\t\t<h2 class=\"elementor-heading-title elementor-size-default\">Asesor\u00eda patrimonial con visi\u00f3n a mediano y largo plazo.<\/h2>\t\t\t\t<\/div>\n\t\t\t\t<\/div>\n\t\t\t\t<\/div>\n\t\t<div class=\"elementor-element elementor-element-7a2164a e-con-full e-flex e-con e-child\" data-id=\"7a2164a\" data-element_type=\"container\" data-e-type=\"container\">\n\t\t\t\t<div class=\"elementor-element elementor-element-5db2629 elementor-widget elementor-widget-image\" data-id=\"5db2629\" data-element_type=\"widget\" data-e-type=\"widget\" data-widget_type=\"image.default\">\n\t\t\t\t<div class=\"elementor-widget-container\">\n\t\t\t\t\t\t\t\t\t\t\t\t\t\t\t<img loading=\"lazy\" decoding=\"async\" width=\"776\" height=\"1024\" src=\"https:\/\/aleba.mx\/wp-content\/uploads\/2025\/07\/pexels-kristina-bauer-92811414-9162803-776x1024.jpg\" class=\"attachment-large size-large wp-image-174\" alt=\"\" srcset=\"https:\/\/aleba.mx\/wp-content\/uploads\/2025\/07\/pexels-kristina-bauer-92811414-9162803-776x1024.jpg 776w, https:\/\/aleba.mx\/wp-content\/uploads\/2025\/07\/pexels-kristina-bauer-92811414-9162803-227x300.jpg 227w, https:\/\/aleba.mx\/wp-content\/uploads\/2025\/07\/pexels-kristina-bauer-92811414-9162803-768x1013.jpg 768w, https:\/\/aleba.mx\/wp-content\/uploads\/2025\/07\/pexels-kristina-bauer-92811414-9162803-1164x1536.jpg 1164w, https:\/\/aleba.mx\/wp-content\/uploads\/2025\/07\/pexels-kristina-bauer-92811414-9162803-1552x2048.jpg 1552w, https:\/\/aleba.mx\/wp-content\/uploads\/2025\/07\/pexels-kristina-bauer-92811414-9162803-scaled.jpg 1941w\" sizes=\"(max-width: 776px) 100vw, 776px\" \/>\t\t\t\t\t\t\t\t\t\t\t\t\t\t\t<\/div>\n\t\t\t\t<\/div>\n\t\t\t\t<\/div>\n\t\t\t\t\t<\/div>\n\t\t\t\t<\/div>\n\t\t<div class=\"elementor-element elementor-element-40949ad e-flex e-con-boxed e-con e-parent\" data-id=\"40949ad\" data-element_type=\"container\" data-e-type=\"container\" data-settings=\"{&quot;background_background&quot;:&quot;classic&quot;}\">\n\t\t\t\t\t<div class=\"e-con-inner\">\n\t\t\t\t<div class=\"elementor-element elementor-element-f5457bb elementor-widget elementor-widget-heading\" data-id=\"f5457bb\" data-element_type=\"widget\" data-e-type=\"widget\" data-widget_type=\"heading.default\">\n\t\t\t\t<div class=\"elementor-widget-container\">\n\t\t\t\t\t<h2 class=\"elementor-heading-title elementor-size-default\">Hablemos de tu proyecto<\/h2>\t\t\t\t<\/div>\n\t\t\t\t<\/div>\n\t\t\t\t<div class=\"elementor-element elementor-element-1157d14 elementor-align-center elementor-widget elementor-widget-button\" data-id=\"1157d14\" data-element_type=\"widget\" data-e-type=\"widget\" data-widget_type=\"button.default\">\n\t\t\t\t<div class=\"elementor-widget-container\">\n\t\t\t\t\t\t\t\t\t<div class=\"elementor-button-wrapper\">\n\t\t\t\t\t<a class=\"elementor-button elementor-button-link elementor-size-sm\" href=\"https:\/\/aleba.mx\/index.php\/contacto\/\">\n\t\t\t\t\t\t<span class=\"elementor-button-content-wrapper\">\n\t\t\t\t\t\t\t\t\t<span class=\"elementor-button-text\">Contacto<\/span>\n\t\t\t\t\t<\/span>\n\t\t\t\t\t<\/a>\n\t\t\t\t<\/div>\n\t\t\t\t\t\t\t\t<\/div>\n\t\t\t\t<\/div>\n\t\t\t\t\t<\/div>\n\t\t\t\t<\/div>\n\t\t\t\t<\/div>\n\t\t","protected":false},"excerpt":{"rendered":"<p>Ofrecemos soluciones dise\u00f1adas para inversionistas que buscan oportunidades s\u00f3lidas y sostenibles en el sector inmobiliario. Evaluamos escenarios, analizamos riesgos y estructuramos estrategias que maximizan el retorno, ya sea con enfoque patrimonial o comercial. Servicios de: Consultor\u00eda para Inversi\u00f3n Inmobiliaria Desarrollo de estrategias personalizadas de inversi\u00f3n. An\u00e1lisis de rentabilidad, plusval\u00eda y retorno esperado. Asesor\u00eda en esquemas [&hellip;]<\/p>\n","protected":false},"author":1,"featured_media":0,"parent":0,"menu_order":0,"comment_status":"closed","ping_status":"closed","template":"","meta":{"footnotes":""},"class_list":["post-166","page","type-page","status-publish","hentry"],"_links":{"self":[{"href":"https:\/\/aleba.mx\/index.php\/wp-json\/wp\/v2\/pages\/166","targetHints":{"allow":["GET"]}}],"collection":[{"href":"https:\/\/aleba.mx\/index.php\/wp-json\/wp\/v2\/pages"}],"about":[{"href":"https:\/\/aleba.mx\/index.php\/wp-json\/wp\/v2\/types\/page"}],"author":[{"embeddable":true,"href":"https:\/\/aleba.mx\/index.php\/wp-json\/wp\/v2\/users\/1"}],"replies":[{"embeddable":true,"href":"https:\/\/aleba.mx\/index.php\/wp-json\/wp\/v2\/comments?post=166"}],"version-history":[{"count":17,"href":"https:\/\/aleba.mx\/index.php\/wp-json\/wp\/v2\/pages\/166\/revisions"}],"predecessor-version":[{"id":252,"href":"https:\/\/aleba.mx\/index.php\/wp-json\/wp\/v2\/pages\/166\/revisions\/252"}],"wp:attachment":[{"href":"https:\/\/aleba.mx\/index.php\/wp-json\/wp\/v2\/media?parent=166"}],"curies":[{"name":"wp","href":"https:\/\/api.w.org\/{rel}","templated":true}]}}